{"id":803,"date":"2024-05-22T11:48:35","date_gmt":"2024-05-22T09:48:35","guid":{"rendered":"https:\/\/projectedigital.com\/servicios\/hosting\/"},"modified":"2025-12-05T09:28:57","modified_gmt":"2025-12-05T08:28:57","slug":"hosting","status":"publish","type":"page","link":"https:\/\/projectedigital.com\/es\/servicios\/hosting\/","title":{"rendered":"HOSTING"},"content":{"rendered":"\t\t<div data-elementor-type=\"wp-page\" data-elementor-id=\"803\" class=\"elementor elementor-803 elementor-272\" data-elementor-post-type=\"page\">\n\t\t\t\t<div class=\"elementor-element elementor-element-ea2493c e-con-full animated-slow e-flex elementor-invisible e-con e-parent\" data-id=\"ea2493c\" data-element_type=\"container\" data-settings=\"{&quot;animation&quot;:&quot;fadeIn&quot;}\">\n\t\t\t\t<div class=\"elementor-element elementor-element-8e027e6 elementor-widget elementor-widget-heading\" data-id=\"8e027e6\" data-element_type=\"widget\" data-widget_type=\"heading.default\">\n\t\t\t\t<div class=\"elementor-widget-container\">\n\t\t\t\t\t<h1 class=\"elementor-heading-title elementor-size-default\">HOSTING<\/h1>\t\t\t\t<\/div>\n\t\t\t\t<\/div>\n\t\t\t\t<\/div>\n\t\t<div class=\"elementor-element elementor-element-194deea e-con-full e-flex e-con e-parent\" data-id=\"194deea\" data-element_type=\"container\" data-settings=\"{&quot;background_background&quot;:&quot;classic&quot;}\">\n\t\t<div class=\"elementor-element elementor-element-a80c4a7 e-con-full e-flex e-con e-child\" data-id=\"a80c4a7\" data-element_type=\"container\">\n\t\t<div class=\"elementor-element elementor-element-226a1cd e-con-full e-flex e-con e-child\" data-id=\"226a1cd\" data-element_type=\"container\">\n\t\t<div class=\"elementor-element elementor-element-d02c50b e-con-full e-flex e-con e-child\" data-id=\"d02c50b\" data-element_type=\"container\">\n\t\t\t\t<div class=\"elementor-element elementor-element-b5e6ee8 elementor-widget elementor-widget-text-editor\" data-id=\"b5e6ee8\" data-element_type=\"widget\" data-widget_type=\"text-editor.default\">\n\t\t\t\t<div class=\"elementor-widget-container\">\n\t\t\t\t\t\t\t\t\t<div class=\"wpb_text_column wpb_content_element \"><div class=\"wpb_wrapper\"><p>Nos <strong>especializamos <\/strong> en <strong>hosting <\/strong> para gestores de contenidos y tiendas virtuales como <strong>WordPress y Prestashop<\/strong>. Nuestros hostings tanto en servidores Linux como Windows permiten sacar el <strong>m\u00e1ximo rendimiento<\/strong> a los sitios web para que carguen r\u00e1pidamente y la navegaci\u00f3n sea fluida.<\/p><\/div><\/div>\t\t\t\t\t\t\t\t<\/div>\n\t\t\t\t<\/div>\n\t\t\t\t<\/div>\n\t\t\t\t<div class=\"elementor-element elementor-element-e626350 elementor-widget elementor-widget-image\" data-id=\"e626350\" data-element_type=\"widget\" data-widget_type=\"image.default\">\n\t\t\t\t<div class=\"elementor-widget-container\">\n\t\t\t\t\t\t\t\t\t\t\t\t\t\t\t<img fetchpriority=\"high\" decoding=\"async\" width=\"700\" height=\"435\" src=\"https:\/\/projectedigital.com\/wp-content\/uploads\/2025\/11\/Servei-de-hosting-web-a-Mataro-2.webp\" class=\"attachment-full size-full wp-image-3332\" alt=\"Servicio de hosting web en Matar\u00f3\" srcset=\"https:\/\/projectedigital.com\/wp-content\/uploads\/2025\/11\/Servei-de-hosting-web-a-Mataro-2.webp 700w, https:\/\/projectedigital.com\/wp-content\/uploads\/2025\/11\/Servei-de-hosting-web-a-Mataro-2-300x186.webp 300w\" sizes=\"(max-width: 700px) 100vw, 700px\" \/>\t\t\t\t\t\t\t\t\t\t\t\t\t\t\t<\/div>\n\t\t\t\t<\/div>\n\t\t\t\t<\/div>\n\t\t<div class=\"elementor-element elementor-element-059b42a e-flex e-con-boxed e-con e-child\" data-id=\"059b42a\" data-element_type=\"container\">\n\t\t\t\t\t<div class=\"e-con-inner\">\n\t\t\t\t<div class=\"elementor-element elementor-element-e6bafa0 elementor-widget elementor-widget-image\" data-id=\"e6bafa0\" data-element_type=\"widget\" data-widget_type=\"image.default\">\n\t\t\t\t<div class=\"elementor-widget-container\">\n\t\t\t\t\t\t\t\t\t\t\t\t\t\t\t<img decoding=\"async\" width=\"758\" height=\"834\" src=\"https:\/\/projectedigital.com\/wp-content\/uploads\/2025\/11\/Servei-de-hosting-web-a-Mataro-1.webp\" class=\"attachment-full size-full wp-image-3333\" alt=\"Servicio de hosting web en Matar\u00f3\" srcset=\"https:\/\/projectedigital.com\/wp-content\/uploads\/2025\/11\/Servei-de-hosting-web-a-Mataro-1.webp 758w, https:\/\/projectedigital.com\/wp-content\/uploads\/2025\/11\/Servei-de-hosting-web-a-Mataro-1-273x300.webp 273w\" sizes=\"(max-width: 758px) 100vw, 758px\" \/>\t\t\t\t\t\t\t\t\t\t\t\t\t\t\t<\/div>\n\t\t\t\t<\/div>\n\t\t\t\t\t<\/div>\n\t\t\t\t<\/div>\n\t\t\t\t<\/div>\n\t\t\t\t<\/div>\n\t\t<div class=\"elementor-element elementor-element-d1981c9 e-flex e-con-boxed e-con e-parent\" data-id=\"d1981c9\" data-element_type=\"container\" data-settings=\"{&quot;background_background&quot;:&quot;classic&quot;}\">\n\t\t\t\t\t<div class=\"e-con-inner\">\n\t\t\t\t<div class=\"elementor-element elementor-element-851ebbe elementor-widget__width-initial elementor-widget elementor-widget-text-editor\" data-id=\"851ebbe\" data-element_type=\"widget\" data-widget_type=\"text-editor.default\">\n\t\t\t\t<div class=\"elementor-widget-container\">\n\t\t\t\t\t\t\t\t\t<p>Nuestros servicios de hosting se ajustan a las necesidades de tu negocio, disponemos de diferentes planes pensados \u200b\u200bpara cubrir todas tus necesidades, ya sea subir tu blog, tienda virtual o p\u00e1gina web como gestionar y configurar tus cuentas de correo<\/p>\t\t\t\t\t\t\t\t<\/div>\n\t\t\t\t<\/div>\n\t\t\t\t\t<\/div>\n\t\t\t\t<\/div>\n\t\t<div class=\"elementor-element elementor-element-9072fce e-con-full e-flex e-con e-parent\" data-id=\"9072fce\" data-element_type=\"container\" data-settings=\"{&quot;background_background&quot;:&quot;classic&quot;}\">\n\t\t<div class=\"elementor-element elementor-element-c88398f e-con-full e-flex e-con e-child\" data-id=\"c88398f\" data-element_type=\"container\">\n\t\t<div class=\"elementor-element elementor-element-eed95d6 e-con-full e-flex e-con e-child\" data-id=\"eed95d6\" data-element_type=\"container\">\n\t\t<div class=\"elementor-element elementor-element-14aef06 e-con-full e-flex e-con e-child\" data-id=\"14aef06\" data-element_type=\"container\">\n\t\t\t\t<div class=\"elementor-element elementor-element-e4a2703 elementor-widget elementor-widget-text-editor\" data-id=\"e4a2703\" data-element_type=\"widget\" data-widget_type=\"text-editor.default\">\n\t\t\t\t<div class=\"elementor-widget-container\">\n\t\t\t\t\t\t\t\t\t<div class=\"wpb_text_column wpb_content_element \"><div class=\"wpb_wrapper\"><p>En Projecte Digital tambi\u00e9n ofrecemos servicios de alojamiento web, gesti\u00f3n de dominios y cuentas de correo, pensado para sacar el m\u00e1ximo partido a tu web<\/p><\/div><\/div>\t\t\t\t\t\t\t\t<\/div>\n\t\t\t\t<\/div>\n\t\t\t\t<\/div>\n\t\t\t\t<\/div>\n\t\t<div class=\"elementor-element elementor-element-c8d3a0f e-flex e-con-boxed e-con e-child\" data-id=\"c8d3a0f\" data-element_type=\"container\">\n\t\t\t\t\t<div class=\"e-con-inner\">\n\t\t\t\t<div class=\"elementor-element elementor-element-52ce294 elementor-widget elementor-widget-image\" data-id=\"52ce294\" data-element_type=\"widget\" data-widget_type=\"image.default\">\n\t\t\t\t<div class=\"elementor-widget-container\">\n\t\t\t\t\t\t\t\t\t\t\t\t\t\t\t<img decoding=\"async\" width=\"700\" height=\"435\" src=\"https:\/\/projectedigital.com\/wp-content\/uploads\/2025\/11\/Servei-de-allotjament-web-a-Mataro.webp\" class=\"attachment-full size-full wp-image-3331\" alt=\"Servicio de alojamiento web en Matar\u00f3\" srcset=\"https:\/\/projectedigital.com\/wp-content\/uploads\/2025\/11\/Servei-de-allotjament-web-a-Mataro.webp 700w, https:\/\/projectedigital.com\/wp-content\/uploads\/2025\/11\/Servei-de-allotjament-web-a-Mataro-300x186.webp 300w\" sizes=\"(max-width: 700px) 100vw, 700px\" \/>\t\t\t\t\t\t\t\t\t\t\t\t\t\t\t<\/div>\n\t\t\t\t<\/div>\n\t\t\t\t\t<\/div>\n\t\t\t\t<\/div>\n\t\t\t\t<\/div>\n\t\t\t\t<\/div>\n\t\t<div class=\"elementor-element elementor-element-88126da e-flex e-con-boxed e-con e-parent\" data-id=\"88126da\" data-element_type=\"container\" data-settings=\"{&quot;background_background&quot;:&quot;classic&quot;}\">\n\t\t\t\t\t<div class=\"e-con-inner\">\n\t\t\t\t\t<\/div>\n\t\t\t\t<\/div>\n\t\t\t\t<\/div>\n\t\t","protected":false},"excerpt":{"rendered":"<p>Nos especializamos en hosting para gestores de contenidos y tiendas virtuales como WordPress y Prestashop. Nuestros hostings tanto en servidores Linux como Windows permiten sacar el m\u00e1ximo rendimiento a los sitios web para que carguen r\u00e1pidamente y la navegaci\u00f3n sea fluida. Nuestros servicios de hosting se ajustan a las necesidades de tu negocio, disponemos de [&hellip;]<\/p>\n","protected":false},"author":1,"featured_media":0,"parent":789,"menu_order":0,"comment_status":"closed","ping_status":"closed","template":"elementor_header_footer","meta":{"_acf_changed":false,"_joinchat":[],"footnotes":""},"class_list":["post-803","page","type-page","status-publish","hentry"],"acf":[],"yoast_head":"<!-- This site is optimized with the Yoast SEO Premium plugin v26.3 (Yoast SEO v26.5) - https:\/\/yoast.com\/wordpress\/plugins\/seo\/ -->\n<title>Servicio de hosting web - Projecte Digital<\/title>\n<meta name=\"description\" content=\"En Projecte Digital te ofrecemos hosting profesional: servidores optimizados, SSL, copias de seguridad y rendimiento para tu p\u00e1gina web.\" \/>\n<meta name=\"robots\" content=\"index, follow, max-snippet:-1, max-image-preview:large, max-video-preview:-1\" \/>\n<link rel=\"canonical\" href=\"https:\/\/projectedigital.com\/es\/servicios\/hosting\/\" \/>\n<meta property=\"og:locale\" content=\"es_ES\" \/>\n<meta property=\"og:type\" content=\"article\" \/>\n<meta property=\"og:title\" content=\"HOSTING\" \/>\n<meta property=\"og:description\" content=\"En Projecte Digital te ofrecemos hosting profesional: servidores optimizados, SSL, copias de seguridad y rendimiento para tu p\u00e1gina web.\" \/>\n<meta property=\"og:url\" content=\"https:\/\/projectedigital.com\/es\/servicios\/hosting\/\" \/>\n<meta property=\"og:site_name\" content=\"Projecte Digital\" \/>\n<meta property=\"article:modified_time\" content=\"2025-12-05T08:28:57+00:00\" \/>\n<meta property=\"og:image\" content=\"https:\/\/projectedigital.com\/wp-content\/uploads\/2025\/11\/Servei-de-hosting-web-a-Mataro-2.webp\" \/>\n\t<meta property=\"og:image:width\" content=\"700\" \/>\n\t<meta property=\"og:image:height\" content=\"435\" \/>\n\t<meta property=\"og:image:type\" content=\"image\/jpeg\" \/>\n<meta name=\"twitter:card\" content=\"summary_large_image\" \/>\n<meta name=\"twitter:label1\" content=\"Tiempo de lectura\" \/>\n\t<meta name=\"twitter:data1\" content=\"2 minutos\" \/>\n<script type=\"application\/ld+json\" class=\"yoast-schema-graph\">{\"@context\":\"https:\/\/schema.org\",\"@graph\":[{\"@type\":\"WebPage\",\"@id\":\"https:\/\/projectedigital.com\/es\/servicios\/hosting\/\",\"url\":\"https:\/\/projectedigital.com\/es\/servicios\/hosting\/\",\"name\":\"Servicio de hosting web - Projecte Digital\",\"isPartOf\":{\"@id\":\"https:\/\/projectedigital.com\/es\/#website\"},\"primaryImageOfPage\":{\"@id\":\"https:\/\/projectedigital.com\/es\/servicios\/hosting\/#primaryimage\"},\"image\":{\"@id\":\"https:\/\/projectedigital.com\/es\/servicios\/hosting\/#primaryimage\"},\"thumbnailUrl\":\"https:\/\/projectedigital.com\/wp-content\/uploads\/2025\/11\/Servei-de-hosting-web-a-Mataro-2.webp\",\"datePublished\":\"2024-05-22T09:48:35+00:00\",\"dateModified\":\"2025-12-05T08:28:57+00:00\",\"description\":\"En Projecte Digital te ofrecemos hosting profesional: servidores optimizados, SSL, copias de seguridad y rendimiento para tu p\u00e1gina web.\",\"breadcrumb\":{\"@id\":\"https:\/\/projectedigital.com\/es\/servicios\/hosting\/#breadcrumb\"},\"inLanguage\":\"es\",\"potentialAction\":[{\"@type\":\"ReadAction\",\"target\":[\"https:\/\/projectedigital.com\/es\/servicios\/hosting\/\"]}]},{\"@type\":\"ImageObject\",\"inLanguage\":\"es\",\"@id\":\"https:\/\/projectedigital.com\/es\/servicios\/hosting\/#primaryimage\",\"url\":\"https:\/\/projectedigital.com\/wp-content\/uploads\/2025\/11\/Servei-de-hosting-web-a-Mataro-2.webp\",\"contentUrl\":\"https:\/\/projectedigital.com\/wp-content\/uploads\/2025\/11\/Servei-de-hosting-web-a-Mataro-2.webp\"},{\"@type\":\"BreadcrumbList\",\"@id\":\"https:\/\/projectedigital.com\/es\/servicios\/hosting\/#breadcrumb\",\"itemListElement\":[{\"@type\":\"ListItem\",\"position\":1,\"name\":\"Inicio\",\"item\":\"https:\/\/projectedigital.com\/es\/\"},{\"@type\":\"ListItem\",\"position\":2,\"name\":\"Servicios\",\"item\":\"https:\/\/projectedigital.com\/es\/serveis\/\"},{\"@type\":\"ListItem\",\"position\":3,\"name\":\"HOSTING\"}]},{\"@type\":\"WebSite\",\"@id\":\"https:\/\/projectedigital.com\/es\/#website\",\"url\":\"https:\/\/projectedigital.com\/es\/\",\"name\":\"Projecte Digital\",\"description\":\"\",\"publisher\":{\"@id\":\"https:\/\/projectedigital.com\/es\/#organization\"},\"potentialAction\":[{\"@type\":\"SearchAction\",\"target\":{\"@type\":\"EntryPoint\",\"urlTemplate\":\"https:\/\/projectedigital.com\/es\/?s={search_term_string}\"},\"query-input\":{\"@type\":\"PropertyValueSpecification\",\"valueRequired\":true,\"valueName\":\"search_term_string\"}}],\"inLanguage\":\"es\"},{\"@type\":\"Organization\",\"@id\":\"https:\/\/projectedigital.com\/es\/#organization\",\"name\":\"Projecte Digital\",\"url\":\"https:\/\/projectedigital.com\/es\/\",\"logo\":{\"@type\":\"ImageObject\",\"inLanguage\":\"es\",\"@id\":\"https:\/\/projectedigital.com\/es\/#\/schema\/logo\/image\/\",\"url\":\"https:\/\/projectedigital.com\/wp-content\/uploads\/2024\/05\/Logo-Projecte-Digital.webp\",\"contentUrl\":\"https:\/\/projectedigital.com\/wp-content\/uploads\/2024\/05\/Logo-Projecte-Digital.webp\",\"width\":499,\"height\":500,\"caption\":\"Projecte Digital\"},\"image\":{\"@id\":\"https:\/\/projectedigital.com\/es\/#\/schema\/logo\/image\/\"}}]}<\/script>\n<!-- \/ Yoast SEO Premium plugin. -->","yoast_head_json":{"title":"Servicio de hosting web - Projecte Digital","description":"En Projecte Digital te ofrecemos hosting profesional: servidores optimizados, SSL, copias de seguridad y rendimiento para tu p\u00e1gina web.","robots":{"index":"index","follow":"follow","max-snippet":"max-snippet:-1","max-image-preview":"max-image-preview:large","max-video-preview":"max-video-preview:-1"},"canonical":"https:\/\/projectedigital.com\/es\/servicios\/hosting\/","og_locale":"es_ES","og_type":"article","og_title":"HOSTING","og_description":"En Projecte Digital te ofrecemos hosting profesional: servidores optimizados, SSL, copias de seguridad y rendimiento para tu p\u00e1gina web.","og_url":"https:\/\/projectedigital.com\/es\/servicios\/hosting\/","og_site_name":"Projecte Digital","article_modified_time":"2025-12-05T08:28:57+00:00","og_image":[{"width":700,"height":435,"url":"https:\/\/projectedigital.com\/wp-content\/uploads\/2025\/11\/Servei-de-hosting-web-a-Mataro-2.webp","type":"image\/jpeg"}],"twitter_card":"summary_large_image","twitter_misc":{"Tiempo de lectura":"2 minutos"},"schema":{"@context":"https:\/\/schema.org","@graph":[{"@type":"WebPage","@id":"https:\/\/projectedigital.com\/es\/servicios\/hosting\/","url":"https:\/\/projectedigital.com\/es\/servicios\/hosting\/","name":"Servicio de hosting web - Projecte Digital","isPartOf":{"@id":"https:\/\/projectedigital.com\/es\/#website"},"primaryImageOfPage":{"@id":"https:\/\/projectedigital.com\/es\/servicios\/hosting\/#primaryimage"},"image":{"@id":"https:\/\/projectedigital.com\/es\/servicios\/hosting\/#primaryimage"},"thumbnailUrl":"https:\/\/projectedigital.com\/wp-content\/uploads\/2025\/11\/Servei-de-hosting-web-a-Mataro-2.webp","datePublished":"2024-05-22T09:48:35+00:00","dateModified":"2025-12-05T08:28:57+00:00","description":"En Projecte Digital te ofrecemos hosting profesional: servidores optimizados, SSL, copias de seguridad y rendimiento para tu p\u00e1gina web.","breadcrumb":{"@id":"https:\/\/projectedigital.com\/es\/servicios\/hosting\/#breadcrumb"},"inLanguage":"es","potentialAction":[{"@type":"ReadAction","target":["https:\/\/projectedigital.com\/es\/servicios\/hosting\/"]}]},{"@type":"ImageObject","inLanguage":"es","@id":"https:\/\/projectedigital.com\/es\/servicios\/hosting\/#primaryimage","url":"https:\/\/projectedigital.com\/wp-content\/uploads\/2025\/11\/Servei-de-hosting-web-a-Mataro-2.webp","contentUrl":"https:\/\/projectedigital.com\/wp-content\/uploads\/2025\/11\/Servei-de-hosting-web-a-Mataro-2.webp"},{"@type":"BreadcrumbList","@id":"https:\/\/projectedigital.com\/es\/servicios\/hosting\/#breadcrumb","itemListElement":[{"@type":"ListItem","position":1,"name":"Inicio","item":"https:\/\/projectedigital.com\/es\/"},{"@type":"ListItem","position":2,"name":"Servicios","item":"https:\/\/projectedigital.com\/es\/serveis\/"},{"@type":"ListItem","position":3,"name":"HOSTING"}]},{"@type":"WebSite","@id":"https:\/\/projectedigital.com\/es\/#website","url":"https:\/\/projectedigital.com\/es\/","name":"Projecte Digital","description":"","publisher":{"@id":"https:\/\/projectedigital.com\/es\/#organization"},"potentialAction":[{"@type":"SearchAction","target":{"@type":"EntryPoint","urlTemplate":"https:\/\/projectedigital.com\/es\/?s={search_term_string}"},"query-input":{"@type":"PropertyValueSpecification","valueRequired":true,"valueName":"search_term_string"}}],"inLanguage":"es"},{"@type":"Organization","@id":"https:\/\/projectedigital.com\/es\/#organization","name":"Projecte Digital","url":"https:\/\/projectedigital.com\/es\/","logo":{"@type":"ImageObject","inLanguage":"es","@id":"https:\/\/projectedigital.com\/es\/#\/schema\/logo\/image\/","url":"https:\/\/projectedigital.com\/wp-content\/uploads\/2024\/05\/Logo-Projecte-Digital.webp","contentUrl":"https:\/\/projectedigital.com\/wp-content\/uploads\/2024\/05\/Logo-Projecte-Digital.webp","width":499,"height":500,"caption":"Projecte Digital"},"image":{"@id":"https:\/\/projectedigital.com\/es\/#\/schema\/logo\/image\/"}}]}},"_links":{"self":[{"href":"https:\/\/projectedigital.com\/es\/wp-json\/wp\/v2\/pages\/803","targetHints":{"allow":["GET"]}}],"collection":[{"href":"https:\/\/projectedigital.com\/es\/wp-json\/wp\/v2\/pages"}],"about":[{"href":"https:\/\/projectedigital.com\/es\/wp-json\/wp\/v2\/types\/page"}],"author":[{"embeddable":true,"href":"https:\/\/projectedigital.com\/es\/wp-json\/wp\/v2\/users\/1"}],"replies":[{"embeddable":true,"href":"https:\/\/projectedigital.com\/es\/wp-json\/wp\/v2\/comments?post=803"}],"version-history":[{"count":10,"href":"https:\/\/projectedigital.com\/es\/wp-json\/wp\/v2\/pages\/803\/revisions"}],"predecessor-version":[{"id":3329,"href":"https:\/\/projectedigital.com\/es\/wp-json\/wp\/v2\/pages\/803\/revisions\/3329"}],"up":[{"embeddable":true,"href":"https:\/\/projectedigital.com\/es\/wp-json\/wp\/v2\/pages\/789"}],"wp:attachment":[{"href":"https:\/\/projectedigital.com\/es\/wp-json\/wp\/v2\/media?parent=803"}],"curies":[{"name":"wp","href":"https:\/\/api.w.org\/{rel}","templated":true}]}}