{"id":799,"date":"2024-05-22T10:29:57","date_gmt":"2024-05-22T08:29:57","guid":{"rendered":"https:\/\/projectedigital.com\/servicios\/estrategia-digital\/"},"modified":"2025-12-05T09:28:49","modified_gmt":"2025-12-05T08:28:49","slug":"estrategia-digital","status":"publish","type":"page","link":"https:\/\/projectedigital.com\/es\/servicios\/estrategia-digital\/","title":{"rendered":"ESTRATEGIA DIGITAL"},"content":{"rendered":"\t\t<div data-elementor-type=\"wp-page\" data-elementor-id=\"799\" class=\"elementor elementor-799 elementor-219\" data-elementor-post-type=\"page\">\n\t\t\t\t<div class=\"elementor-element elementor-element-ea2493c e-con-full animated-slow e-flex elementor-invisible e-con e-parent\" data-id=\"ea2493c\" data-element_type=\"container\" data-settings=\"{&quot;animation&quot;:&quot;fadeIn&quot;}\">\n\t\t\t\t<div class=\"elementor-element elementor-element-8e027e6 elementor-widget elementor-widget-heading\" data-id=\"8e027e6\" data-element_type=\"widget\" data-widget_type=\"heading.default\">\n\t\t\t\t<div class=\"elementor-widget-container\">\n\t\t\t\t\t<h1 class=\"elementor-heading-title elementor-size-default\">ESTRATEGIA DIGITAL<\/h1>\t\t\t\t<\/div>\n\t\t\t\t<\/div>\n\t\t\t\t<\/div>\n\t\t<div class=\"elementor-element elementor-element-194deea e-con-full e-flex e-con e-parent\" data-id=\"194deea\" data-element_type=\"container\" data-settings=\"{&quot;background_background&quot;:&quot;classic&quot;}\">\n\t\t<div class=\"elementor-element elementor-element-a80c4a7 e-con-full e-flex e-con e-child\" data-id=\"a80c4a7\" data-element_type=\"container\">\n\t\t<div class=\"elementor-element elementor-element-226a1cd e-con-full e-flex e-con e-child\" data-id=\"226a1cd\" data-element_type=\"container\">\n\t\t<div class=\"elementor-element elementor-element-d02c50b e-con-full e-flex e-con e-child\" data-id=\"d02c50b\" data-element_type=\"container\">\n\t\t\t\t<div class=\"elementor-element elementor-element-b5e6ee8 elementor-widget elementor-widget-text-editor\" data-id=\"b5e6ee8\" data-element_type=\"widget\" data-widget_type=\"text-editor.default\">\n\t\t\t\t<div class=\"elementor-widget-container\">\n\t\t\t\t\t\t\t\t\t<p>Una buena estrategia de marketing online se basa en la capacidad de entender la situaci\u00f3n que nos concierne, de buscar ese v\u00ednculo perfecto entre tu empresa y el exterior. De crear el mayor escaparate del mundo.<\/p><p>Escoger una buena <strong>estrategia de comunicaci\u00f3n<\/strong> online para tu empresa es la <strong>clave fundamental del \u00e9xito empresarial<\/strong>.<\/p>\t\t\t\t\t\t\t\t<\/div>\n\t\t\t\t<\/div>\n\t\t\t\t<\/div>\n\t\t\t\t<div class=\"elementor-element elementor-element-f804acb elementor-widget elementor-widget-image\" data-id=\"f804acb\" data-element_type=\"widget\" data-widget_type=\"image.default\">\n\t\t\t\t<div class=\"elementor-widget-container\">\n\t\t\t\t\t\t\t\t\t\t\t\t\t\t\t<img fetchpriority=\"high\" decoding=\"async\" width=\"700\" height=\"435\" src=\"https:\/\/projectedigital.com\/wp-content\/uploads\/2025\/11\/Servei-destrategia-digital-a-Mataro-1.webp\" class=\"attachment-full size-full wp-image-3340\" alt=\"Servicio de estrategia digital en Matar\u00f3\" srcset=\"https:\/\/projectedigital.com\/wp-content\/uploads\/2025\/11\/Servei-destrategia-digital-a-Mataro-1.webp 700w, https:\/\/projectedigital.com\/wp-content\/uploads\/2025\/11\/Servei-destrategia-digital-a-Mataro-1-300x186.webp 300w\" sizes=\"(max-width: 700px) 100vw, 700px\" \/>\t\t\t\t\t\t\t\t\t\t\t\t\t\t\t<\/div>\n\t\t\t\t<\/div>\n\t\t\t\t<\/div>\n\t\t<div class=\"elementor-element elementor-element-059b42a e-flex e-con-boxed e-con e-child\" data-id=\"059b42a\" data-element_type=\"container\">\n\t\t\t\t\t<div class=\"e-con-inner\">\n\t\t\t\t<div class=\"elementor-element elementor-element-851ebbe elementor-widget__width-initial elementor-widget elementor-widget-text-editor\" data-id=\"851ebbe\" data-element_type=\"widget\" data-widget_type=\"text-editor.default\">\n\t\t\t\t<div class=\"elementor-widget-container\">\n\t\t\t\t\t\t\t\t\t<div class=\"wpb_text_column wpb_content_element \"><div class=\"wpb_wrapper\"><p>Actualmente, existen muchas formas de estar en contacto directo con nuestros clientes y de mantenerlos informados, pero \u00bfsabemos cu\u00e1l es la correcta?<\/p><p>Mailing, blog, medios de comunicaci\u00f3n o redes sociales son s\u00f3lo algunas de las <strong>herramientas que pueden utilizarse para hacer viable esta comunicaci\u00f3n<\/strong> efectiva y en el correcto uso de ellas reside el \u00e9xito de una buena comunicaci\u00f3n empresarial.<\/p><\/div><\/div><div class=\"vc_empty_space\"> <\/div>\t\t\t\t\t\t\t\t<\/div>\n\t\t\t\t<\/div>\n\t\t\t\t<div class=\"elementor-element elementor-element-4fca4c4 elementor-widget elementor-widget-spacer\" data-id=\"4fca4c4\" data-element_type=\"widget\" data-widget_type=\"spacer.default\">\n\t\t\t\t<div class=\"elementor-widget-container\">\n\t\t\t\t\t\t\t<div class=\"elementor-spacer\">\n\t\t\t<div class=\"elementor-spacer-inner\"><\/div>\n\t\t<\/div>\n\t\t\t\t\t\t<\/div>\n\t\t\t\t<\/div>\n\t\t\t\t\t<\/div>\n\t\t\t\t<\/div>\n\t\t\t\t<\/div>\n\t\t\t\t<\/div>\n\t\t<div class=\"elementor-element elementor-element-d1981c9 e-flex e-con-boxed e-con e-parent\" data-id=\"d1981c9\" data-element_type=\"container\" data-settings=\"{&quot;background_background&quot;:&quot;classic&quot;}\">\n\t\t\t\t\t<div class=\"e-con-inner\">\n\t\t\t\t<div class=\"elementor-element elementor-element-57d3760 elementor-widget__width-initial elementor-widget elementor-widget-text-editor\" data-id=\"57d3760\" data-element_type=\"widget\" data-widget_type=\"text-editor.default\">\n\t\t\t\t<div class=\"elementor-widget-container\">\n\t\t\t\t\t\t\t\t\t<div class=\"wpb_text_column wpb_content_element \"><div class=\"wpb_wrapper\"><p>En Projecte Digital somos expertos en marketing online y comunicaci\u00f3n digital. <strong>Adaptaremos la estrategia<\/strong> para que sea apta para tu negocio, tus servicios y orientada al p\u00fablico al que te diriges.<\/p><\/div><\/div>\t\t\t\t\t\t\t\t<\/div>\n\t\t\t\t<\/div>\n\t\t\t\t\t<\/div>\n\t\t\t\t<\/div>\n\t\t<div class=\"elementor-element elementor-element-308e390 e-flex e-con-boxed e-con e-parent\" data-id=\"308e390\" data-element_type=\"container\" data-settings=\"{&quot;background_background&quot;:&quot;classic&quot;}\">\n\t\t\t\t\t<div class=\"e-con-inner\">\n\t\t\t\t<div class=\"elementor-element elementor-element-ced16ce elementor-widget elementor-widget-spacer\" data-id=\"ced16ce\" data-element_type=\"widget\" data-widget_type=\"spacer.default\">\n\t\t\t\t<div class=\"elementor-widget-container\">\n\t\t\t\t\t\t\t<div class=\"elementor-spacer\">\n\t\t\t<div class=\"elementor-spacer-inner\"><\/div>\n\t\t<\/div>\n\t\t\t\t\t\t<\/div>\n\t\t\t\t<\/div>\n\t\t\t\t\t<\/div>\n\t\t\t\t<\/div>\n\t\t<div class=\"elementor-element elementor-element-0a16a19 e-flex e-con-boxed e-con e-parent\" data-id=\"0a16a19\" data-element_type=\"container\" data-settings=\"{&quot;background_background&quot;:&quot;classic&quot;}\">\n\t\t\t\t\t<div class=\"e-con-inner\">\n\t\t\t\t<div class=\"elementor-element elementor-element-eaf9912 elementor-widget elementor-widget-image\" data-id=\"eaf9912\" data-element_type=\"widget\" data-widget_type=\"image.default\">\n\t\t\t\t<div class=\"elementor-widget-container\">\n\t\t\t\t\t\t\t\t\t\t\t\t\t\t\t<img decoding=\"async\" width=\"654\" height=\"621\" src=\"https:\/\/projectedigital.com\/wp-content\/uploads\/2025\/11\/estrategia_01.webp\" class=\"attachment-full size-full wp-image-3338\" alt=\"Estrategia digital para empresas en Matar\u00f3\" srcset=\"https:\/\/projectedigital.com\/wp-content\/uploads\/2025\/11\/estrategia_01.webp 654w, https:\/\/projectedigital.com\/wp-content\/uploads\/2025\/11\/estrategia_01-300x285.webp 300w\" sizes=\"(max-width: 654px) 100vw, 654px\" \/>\t\t\t\t\t\t\t\t\t\t\t\t\t\t\t<\/div>\n\t\t\t\t<\/div>\n\t\t\t\t<div class=\"elementor-element elementor-element-ad64749 elementor-widget elementor-widget-image\" data-id=\"ad64749\" data-element_type=\"widget\" data-widget_type=\"image.default\">\n\t\t\t\t<div class=\"elementor-widget-container\">\n\t\t\t\t\t\t\t\t\t\t\t\t\t\t\t<img decoding=\"async\" width=\"498\" height=\"708\" src=\"https:\/\/projectedigital.com\/wp-content\/uploads\/2025\/11\/Equip-planejant-lestrategia-digital-duna-empresa.webp\" class=\"attachment-full size-full wp-image-3339\" alt=\"Equipo planeando la estrategia digital de una empresa\" srcset=\"https:\/\/projectedigital.com\/wp-content\/uploads\/2025\/11\/Equip-planejant-lestrategia-digital-duna-empresa.webp 498w, https:\/\/projectedigital.com\/wp-content\/uploads\/2025\/11\/Equip-planejant-lestrategia-digital-duna-empresa-211x300.webp 211w\" sizes=\"(max-width: 498px) 100vw, 498px\" \/>\t\t\t\t\t\t\t\t\t\t\t\t\t\t\t<\/div>\n\t\t\t\t<\/div>\n\t\t\t\t\t<\/div>\n\t\t\t\t<\/div>\n\t\t\t\t<\/div>\n\t\t","protected":false},"excerpt":{"rendered":"<p>Una buena estrategia de marketing online se basa en la capacidad de entender la situaci\u00f3n que nos concierne, de buscar ese v\u00ednculo perfecto entre tu empresa y el exterior. De crear el mayor escaparate del mundo. Escoger una buena estrategia de comunicaci\u00f3n online para tu empresa es la clave fundamental del \u00e9xito empresarial. Actualmente, existen [&hellip;]<\/p>\n","protected":false},"author":1,"featured_media":0,"parent":789,"menu_order":0,"comment_status":"closed","ping_status":"closed","template":"elementor_header_footer","meta":{"_acf_changed":false,"_joinchat":[],"footnotes":""},"class_list":["post-799","page","type-page","status-publish","hentry"],"acf":[],"yoast_head":"<!-- This site is optimized with the Yoast SEO Premium plugin v26.3 (Yoast SEO v26.5) - https:\/\/yoast.com\/wordpress\/plugins\/seo\/ -->\n<title>Servicio de estrategia digital - Projecte Digital<\/title>\n<meta name=\"description\" content=\"En Projecte Digital dise\u00f1amos un plan de marketing online, SEO, contenido y canales digitales para impulsar el crecimiento de tu empresa.\" \/>\n<meta name=\"robots\" content=\"index, follow, max-snippet:-1, max-image-preview:large, max-video-preview:-1\" \/>\n<link rel=\"canonical\" href=\"https:\/\/projectedigital.com\/es\/servicios\/estrategia-digital\/\" \/>\n<meta property=\"og:locale\" content=\"es_ES\" \/>\n<meta property=\"og:type\" content=\"article\" \/>\n<meta property=\"og:title\" content=\"ESTRATEGIA DIGITAL\" \/>\n<meta property=\"og:description\" content=\"En Projecte Digital dise\u00f1amos un plan de marketing online, SEO, contenido y canales digitales para impulsar el crecimiento de tu empresa.\" \/>\n<meta property=\"og:url\" content=\"https:\/\/projectedigital.com\/es\/servicios\/estrategia-digital\/\" \/>\n<meta property=\"og:site_name\" content=\"Projecte Digital\" \/>\n<meta property=\"article:modified_time\" content=\"2025-12-05T08:28:49+00:00\" \/>\n<meta property=\"og:image\" content=\"https:\/\/projectedigital.com\/wp-content\/uploads\/2025\/11\/Servei-destrategia-digital-a-Mataro-1.webp\" \/>\n\t<meta property=\"og:image:width\" content=\"700\" \/>\n\t<meta property=\"og:image:height\" content=\"435\" \/>\n\t<meta property=\"og:image:type\" content=\"image\/jpeg\" \/>\n<meta name=\"twitter:card\" content=\"summary_large_image\" \/>\n<meta name=\"twitter:label1\" content=\"Tiempo de lectura\" \/>\n\t<meta name=\"twitter:data1\" content=\"2 minutos\" \/>\n<script type=\"application\/ld+json\" class=\"yoast-schema-graph\">{\"@context\":\"https:\/\/schema.org\",\"@graph\":[{\"@type\":\"WebPage\",\"@id\":\"https:\/\/projectedigital.com\/es\/servicios\/estrategia-digital\/\",\"url\":\"https:\/\/projectedigital.com\/es\/servicios\/estrategia-digital\/\",\"name\":\"Servicio de estrategia digital - Projecte Digital\",\"isPartOf\":{\"@id\":\"https:\/\/projectedigital.com\/es\/#website\"},\"primaryImageOfPage\":{\"@id\":\"https:\/\/projectedigital.com\/es\/servicios\/estrategia-digital\/#primaryimage\"},\"image\":{\"@id\":\"https:\/\/projectedigital.com\/es\/servicios\/estrategia-digital\/#primaryimage\"},\"thumbnailUrl\":\"https:\/\/projectedigital.com\/wp-content\/uploads\/2025\/11\/Servei-destrategia-digital-a-Mataro-1.webp\",\"datePublished\":\"2024-05-22T08:29:57+00:00\",\"dateModified\":\"2025-12-05T08:28:49+00:00\",\"description\":\"En Projecte Digital dise\u00f1amos un plan de marketing online, SEO, contenido y canales digitales para impulsar el crecimiento de tu empresa.\",\"breadcrumb\":{\"@id\":\"https:\/\/projectedigital.com\/es\/servicios\/estrategia-digital\/#breadcrumb\"},\"inLanguage\":\"es\",\"potentialAction\":[{\"@type\":\"ReadAction\",\"target\":[\"https:\/\/projectedigital.com\/es\/servicios\/estrategia-digital\/\"]}]},{\"@type\":\"ImageObject\",\"inLanguage\":\"es\",\"@id\":\"https:\/\/projectedigital.com\/es\/servicios\/estrategia-digital\/#primaryimage\",\"url\":\"https:\/\/projectedigital.com\/wp-content\/uploads\/2025\/11\/Servei-destrategia-digital-a-Mataro-1.webp\",\"contentUrl\":\"https:\/\/projectedigital.com\/wp-content\/uploads\/2025\/11\/Servei-destrategia-digital-a-Mataro-1.webp\"},{\"@type\":\"BreadcrumbList\",\"@id\":\"https:\/\/projectedigital.com\/es\/servicios\/estrategia-digital\/#breadcrumb\",\"itemListElement\":[{\"@type\":\"ListItem\",\"position\":1,\"name\":\"Inicio\",\"item\":\"https:\/\/projectedigital.com\/es\/\"},{\"@type\":\"ListItem\",\"position\":2,\"name\":\"Servicios\",\"item\":\"https:\/\/projectedigital.com\/es\/serveis\/\"},{\"@type\":\"ListItem\",\"position\":3,\"name\":\"ESTRATEGIA DIGITAL\"}]},{\"@type\":\"WebSite\",\"@id\":\"https:\/\/projectedigital.com\/es\/#website\",\"url\":\"https:\/\/projectedigital.com\/es\/\",\"name\":\"Projecte Digital\",\"description\":\"\",\"publisher\":{\"@id\":\"https:\/\/projectedigital.com\/es\/#organization\"},\"potentialAction\":[{\"@type\":\"SearchAction\",\"target\":{\"@type\":\"EntryPoint\",\"urlTemplate\":\"https:\/\/projectedigital.com\/es\/?s={search_term_string}\"},\"query-input\":{\"@type\":\"PropertyValueSpecification\",\"valueRequired\":true,\"valueName\":\"search_term_string\"}}],\"inLanguage\":\"es\"},{\"@type\":\"Organization\",\"@id\":\"https:\/\/projectedigital.com\/es\/#organization\",\"name\":\"Projecte Digital\",\"url\":\"https:\/\/projectedigital.com\/es\/\",\"logo\":{\"@type\":\"ImageObject\",\"inLanguage\":\"es\",\"@id\":\"https:\/\/projectedigital.com\/es\/#\/schema\/logo\/image\/\",\"url\":\"https:\/\/projectedigital.com\/wp-content\/uploads\/2024\/05\/Logo-Projecte-Digital.webp\",\"contentUrl\":\"https:\/\/projectedigital.com\/wp-content\/uploads\/2024\/05\/Logo-Projecte-Digital.webp\",\"width\":499,\"height\":500,\"caption\":\"Projecte Digital\"},\"image\":{\"@id\":\"https:\/\/projectedigital.com\/es\/#\/schema\/logo\/image\/\"}}]}<\/script>\n<!-- \/ Yoast SEO Premium plugin. -->","yoast_head_json":{"title":"Servicio de estrategia digital - Projecte Digital","description":"En Projecte Digital dise\u00f1amos un plan de marketing online, SEO, contenido y canales digitales para impulsar el crecimiento de tu empresa.","robots":{"index":"index","follow":"follow","max-snippet":"max-snippet:-1","max-image-preview":"max-image-preview:large","max-video-preview":"max-video-preview:-1"},"canonical":"https:\/\/projectedigital.com\/es\/servicios\/estrategia-digital\/","og_locale":"es_ES","og_type":"article","og_title":"ESTRATEGIA DIGITAL","og_description":"En Projecte Digital dise\u00f1amos un plan de marketing online, SEO, contenido y canales digitales para impulsar el crecimiento de tu empresa.","og_url":"https:\/\/projectedigital.com\/es\/servicios\/estrategia-digital\/","og_site_name":"Projecte Digital","article_modified_time":"2025-12-05T08:28:49+00:00","og_image":[{"width":700,"height":435,"url":"https:\/\/projectedigital.com\/wp-content\/uploads\/2025\/11\/Servei-destrategia-digital-a-Mataro-1.webp","type":"image\/jpeg"}],"twitter_card":"summary_large_image","twitter_misc":{"Tiempo de lectura":"2 minutos"},"schema":{"@context":"https:\/\/schema.org","@graph":[{"@type":"WebPage","@id":"https:\/\/projectedigital.com\/es\/servicios\/estrategia-digital\/","url":"https:\/\/projectedigital.com\/es\/servicios\/estrategia-digital\/","name":"Servicio de estrategia digital - Projecte Digital","isPartOf":{"@id":"https:\/\/projectedigital.com\/es\/#website"},"primaryImageOfPage":{"@id":"https:\/\/projectedigital.com\/es\/servicios\/estrategia-digital\/#primaryimage"},"image":{"@id":"https:\/\/projectedigital.com\/es\/servicios\/estrategia-digital\/#primaryimage"},"thumbnailUrl":"https:\/\/projectedigital.com\/wp-content\/uploads\/2025\/11\/Servei-destrategia-digital-a-Mataro-1.webp","datePublished":"2024-05-22T08:29:57+00:00","dateModified":"2025-12-05T08:28:49+00:00","description":"En Projecte Digital dise\u00f1amos un plan de marketing online, SEO, contenido y canales digitales para impulsar el crecimiento de tu empresa.","breadcrumb":{"@id":"https:\/\/projectedigital.com\/es\/servicios\/estrategia-digital\/#breadcrumb"},"inLanguage":"es","potentialAction":[{"@type":"ReadAction","target":["https:\/\/projectedigital.com\/es\/servicios\/estrategia-digital\/"]}]},{"@type":"ImageObject","inLanguage":"es","@id":"https:\/\/projectedigital.com\/es\/servicios\/estrategia-digital\/#primaryimage","url":"https:\/\/projectedigital.com\/wp-content\/uploads\/2025\/11\/Servei-destrategia-digital-a-Mataro-1.webp","contentUrl":"https:\/\/projectedigital.com\/wp-content\/uploads\/2025\/11\/Servei-destrategia-digital-a-Mataro-1.webp"},{"@type":"BreadcrumbList","@id":"https:\/\/projectedigital.com\/es\/servicios\/estrategia-digital\/#breadcrumb","itemListElement":[{"@type":"ListItem","position":1,"name":"Inicio","item":"https:\/\/projectedigital.com\/es\/"},{"@type":"ListItem","position":2,"name":"Servicios","item":"https:\/\/projectedigital.com\/es\/serveis\/"},{"@type":"ListItem","position":3,"name":"ESTRATEGIA DIGITAL"}]},{"@type":"WebSite","@id":"https:\/\/projectedigital.com\/es\/#website","url":"https:\/\/projectedigital.com\/es\/","name":"Projecte Digital","description":"","publisher":{"@id":"https:\/\/projectedigital.com\/es\/#organization"},"potentialAction":[{"@type":"SearchAction","target":{"@type":"EntryPoint","urlTemplate":"https:\/\/projectedigital.com\/es\/?s={search_term_string}"},"query-input":{"@type":"PropertyValueSpecification","valueRequired":true,"valueName":"search_term_string"}}],"inLanguage":"es"},{"@type":"Organization","@id":"https:\/\/projectedigital.com\/es\/#organization","name":"Projecte Digital","url":"https:\/\/projectedigital.com\/es\/","logo":{"@type":"ImageObject","inLanguage":"es","@id":"https:\/\/projectedigital.com\/es\/#\/schema\/logo\/image\/","url":"https:\/\/projectedigital.com\/wp-content\/uploads\/2024\/05\/Logo-Projecte-Digital.webp","contentUrl":"https:\/\/projectedigital.com\/wp-content\/uploads\/2024\/05\/Logo-Projecte-Digital.webp","width":499,"height":500,"caption":"Projecte Digital"},"image":{"@id":"https:\/\/projectedigital.com\/es\/#\/schema\/logo\/image\/"}}]}},"_links":{"self":[{"href":"https:\/\/projectedigital.com\/es\/wp-json\/wp\/v2\/pages\/799","targetHints":{"allow":["GET"]}}],"collection":[{"href":"https:\/\/projectedigital.com\/es\/wp-json\/wp\/v2\/pages"}],"about":[{"href":"https:\/\/projectedigital.com\/es\/wp-json\/wp\/v2\/types\/page"}],"author":[{"embeddable":true,"href":"https:\/\/projectedigital.com\/es\/wp-json\/wp\/v2\/users\/1"}],"replies":[{"embeddable":true,"href":"https:\/\/projectedigital.com\/es\/wp-json\/wp\/v2\/comments?post=799"}],"version-history":[{"count":8,"href":"https:\/\/projectedigital.com\/es\/wp-json\/wp\/v2\/pages\/799\/revisions"}],"predecessor-version":[{"id":3330,"href":"https:\/\/projectedigital.com\/es\/wp-json\/wp\/v2\/pages\/799\/revisions\/3330"}],"up":[{"embeddable":true,"href":"https:\/\/projectedigital.com\/es\/wp-json\/wp\/v2\/pages\/789"}],"wp:attachment":[{"href":"https:\/\/projectedigital.com\/es\/wp-json\/wp\/v2\/media?parent=799"}],"curies":[{"name":"wp","href":"https:\/\/api.w.org\/{rel}","templated":true}]}}