{"id":793,"date":"2024-05-22T10:46:16","date_gmt":"2024-05-22T08:46:16","guid":{"rendered":"https:\/\/projectedigital.com\/servicios\/community-management\/"},"modified":"2025-12-05T09:28:50","modified_gmt":"2025-12-05T08:28:50","slug":"community-management","status":"publish","type":"page","link":"https:\/\/projectedigital.com\/es\/servicios\/community-management\/","title":{"rendered":"COMMUNITY MANAGEMENT"},"content":{"rendered":"\t\t<div data-elementor-type=\"wp-page\" data-elementor-id=\"793\" class=\"elementor elementor-793 elementor-231\" data-elementor-post-type=\"page\">\n\t\t\t\t<div class=\"elementor-element elementor-element-ea2493c e-con-full animated-slow e-flex elementor-invisible e-con e-parent\" data-id=\"ea2493c\" data-element_type=\"container\" data-settings=\"{&quot;animation&quot;:&quot;fadeIn&quot;}\">\n\t\t\t\t<div class=\"elementor-element elementor-element-8e027e6 elementor-widget elementor-widget-heading\" data-id=\"8e027e6\" data-element_type=\"widget\" data-widget_type=\"heading.default\">\n\t\t\t\t<div class=\"elementor-widget-container\">\n\t\t\t\t\t<h1 class=\"elementor-heading-title elementor-size-default\">COMMUNITY MANAGEMENT<\/h1>\t\t\t\t<\/div>\n\t\t\t\t<\/div>\n\t\t\t\t<\/div>\n\t\t<div class=\"elementor-element elementor-element-194deea e-con-full e-flex e-con e-parent\" data-id=\"194deea\" data-element_type=\"container\" data-settings=\"{&quot;background_background&quot;:&quot;classic&quot;}\">\n\t\t<div class=\"elementor-element elementor-element-a80c4a7 e-con-full e-flex e-con e-child\" data-id=\"a80c4a7\" data-element_type=\"container\">\n\t\t<div class=\"elementor-element elementor-element-226a1cd e-con-full e-flex e-con e-child\" data-id=\"226a1cd\" data-element_type=\"container\">\n\t\t<div class=\"elementor-element elementor-element-d02c50b e-con-full e-flex e-con e-child\" data-id=\"d02c50b\" data-element_type=\"container\">\n\t\t\t\t<div class=\"elementor-element elementor-element-b5e6ee8 elementor-widget elementor-widget-text-editor\" data-id=\"b5e6ee8\" data-element_type=\"widget\" data-widget_type=\"text-editor.default\">\n\t\t\t\t<div class=\"elementor-widget-container\">\n\t\t\t\t\t\t\t\t\t<p>Las redes sociales son un altavoz que amplifica la difusi\u00f3n de la actividad de las empresas y las acerca a su p\u00fablico objetivo. En Projecte Digital desarrollamos una estrategia de comunicaci\u00f3n online efectiva y que proporciona resultados visibles, adaptada a tu empresa.<\/p><p>Publicamos tus contenidos, interactuamos con tu audiencia, planificamos tu estrategia en las redes sociales y velamos por la imagen de tu empresa en todo momento.<\/p>\t\t\t\t\t\t\t\t<\/div>\n\t\t\t\t<\/div>\n\t\t\t\t<\/div>\n\t\t\t\t<div class=\"elementor-element elementor-element-e626350 elementor-widget elementor-widget-image\" data-id=\"e626350\" data-element_type=\"widget\" data-widget_type=\"image.default\">\n\t\t\t\t<div class=\"elementor-widget-container\">\n\t\t\t\t\t\t\t\t\t\t\t\t\t\t\t<img fetchpriority=\"high\" decoding=\"async\" width=\"700\" height=\"435\" src=\"https:\/\/projectedigital.com\/wp-content\/uploads\/2025\/11\/Servei-de-community-management-a-Mataro.webp\" class=\"attachment-full size-full wp-image-3348\" alt=\"Servicio de community management en Matar\u00f3\" srcset=\"https:\/\/projectedigital.com\/wp-content\/uploads\/2025\/11\/Servei-de-community-management-a-Mataro.webp 700w, https:\/\/projectedigital.com\/wp-content\/uploads\/2025\/11\/Servei-de-community-management-a-Mataro-300x186.webp 300w\" sizes=\"(max-width: 700px) 100vw, 700px\" \/>\t\t\t\t\t\t\t\t\t\t\t\t\t\t\t<\/div>\n\t\t\t\t<\/div>\n\t\t\t\t<\/div>\n\t\t<div class=\"elementor-element elementor-element-059b42a e-flex e-con-boxed e-con e-child\" data-id=\"059b42a\" data-element_type=\"container\">\n\t\t\t\t\t<div class=\"e-con-inner\">\n\t\t\t\t<div class=\"elementor-element elementor-element-e6bafa0 elementor-widget elementor-widget-image\" data-id=\"e6bafa0\" data-element_type=\"widget\" data-widget_type=\"image.default\">\n\t\t\t\t<div class=\"elementor-widget-container\">\n\t\t\t\t\t\t\t\t\t\t\t\t\t\t\t<img decoding=\"async\" width=\"758\" height=\"834\" src=\"https:\/\/projectedigital.com\/wp-content\/uploads\/2025\/11\/Servei-de-community-management-duna-fruiteria.webp\" class=\"attachment-full size-full wp-image-3349\" alt=\"Servicio de community management de una fruiter\u00eda\" srcset=\"https:\/\/projectedigital.com\/wp-content\/uploads\/2025\/11\/Servei-de-community-management-duna-fruiteria.webp 758w, https:\/\/projectedigital.com\/wp-content\/uploads\/2025\/11\/Servei-de-community-management-duna-fruiteria-273x300.webp 273w\" sizes=\"(max-width: 758px) 100vw, 758px\" \/>\t\t\t\t\t\t\t\t\t\t\t\t\t\t\t<\/div>\n\t\t\t\t<\/div>\n\t\t\t\t\t<\/div>\n\t\t\t\t<\/div>\n\t\t\t\t<\/div>\n\t\t\t\t<\/div>\n\t\t<div class=\"elementor-element elementor-element-d1981c9 e-flex e-con-boxed e-con e-parent\" data-id=\"d1981c9\" data-element_type=\"container\" data-settings=\"{&quot;background_background&quot;:&quot;classic&quot;}\">\n\t\t\t\t\t<div class=\"e-con-inner\">\n\t\t\t\t<div class=\"elementor-element elementor-element-851ebbe elementor-widget__width-initial elementor-widget elementor-widget-text-editor\" data-id=\"851ebbe\" data-element_type=\"widget\" data-widget_type=\"text-editor.default\">\n\t\t\t\t<div class=\"elementor-widget-container\">\n\t\t\t\t\t\t\t\t\t<p>En Projecte Digital priorizamos tu satisfacci\u00f3n. Nuestro equipo est\u00e1 siempre dispuesto a ofrecerle atenci\u00f3n y resoluci\u00f3n de dudas. Si necesitas, nos encontrar\u00e1s.<\/p>\t\t\t\t\t\t\t\t<\/div>\n\t\t\t\t<\/div>\n\t\t\t\t\t<\/div>\n\t\t\t\t<\/div>\n\t\t<div class=\"elementor-element elementor-element-82f705f e-flex e-con-boxed e-con e-parent\" data-id=\"82f705f\" data-element_type=\"container\" data-settings=\"{&quot;background_background&quot;:&quot;classic&quot;}\">\n\t\t\t\t\t<div class=\"e-con-inner\">\n\t\t\t\t<div class=\"elementor-element elementor-element-8273fb4 elementor-widget elementor-widget-image\" data-id=\"8273fb4\" data-element_type=\"widget\" data-widget_type=\"image.default\">\n\t\t\t\t<div class=\"elementor-widget-container\">\n\t\t\t\t\t\t\t\t\t\t\t\t\t\t\t<img decoding=\"async\" width=\"1184\" height=\"709\" src=\"https:\/\/projectedigital.com\/wp-content\/uploads\/2025\/11\/Projecte-Digital-ofereix-gestio-de-xarxes-socials.webp\" class=\"attachment-full size-full wp-image-3347\" alt=\"Projecte Digital ofrece gesti\u00f3n de redes sociales\" srcset=\"https:\/\/projectedigital.com\/wp-content\/uploads\/2025\/11\/Projecte-Digital-ofereix-gestio-de-xarxes-socials.webp 1184w, https:\/\/projectedigital.com\/wp-content\/uploads\/2025\/11\/Projecte-Digital-ofereix-gestio-de-xarxes-socials-300x180.webp 300w, https:\/\/projectedigital.com\/wp-content\/uploads\/2025\/11\/Projecte-Digital-ofereix-gestio-de-xarxes-socials-1024x613.webp 1024w, https:\/\/projectedigital.com\/wp-content\/uploads\/2025\/11\/Projecte-Digital-ofereix-gestio-de-xarxes-socials-768x460.webp 768w\" sizes=\"(max-width: 1184px) 100vw, 1184px\" \/>\t\t\t\t\t\t\t\t\t\t\t\t\t\t\t<\/div>\n\t\t\t\t<\/div>\n\t\t\t\t\t<\/div>\n\t\t\t\t<\/div>\n\t\t\t\t<\/div>\n\t\t","protected":false},"excerpt":{"rendered":"<p>Las redes sociales son un altavoz que amplifica la difusi\u00f3n de la actividad de las empresas y las acerca a su p\u00fablico objetivo. En Projecte Digital desarrollamos una estrategia de comunicaci\u00f3n online efectiva y que proporciona resultados visibles, adaptada a tu empresa. Publicamos tus contenidos, interactuamos con tu audiencia, planificamos tu estrategia en las redes [&hellip;]<\/p>\n","protected":false},"author":1,"featured_media":0,"parent":789,"menu_order":0,"comment_status":"closed","ping_status":"closed","template":"elementor_header_footer","meta":{"_acf_changed":false,"_joinchat":[],"footnotes":""},"class_list":["post-793","page","type-page","status-publish","hentry"],"acf":[],"yoast_head":"<!-- This site is optimized with the Yoast SEO Premium plugin v26.3 (Yoast SEO v26.5) - https:\/\/yoast.com\/wordpress\/plugins\/seo\/ -->\n<title>Servicio de community management - Projecte Digital<\/title>\n<meta name=\"description\" content=\"Gestiona tu comunidad digital con Projecte Digital: servicio de community management por redes sociales como Instagram, Tiktok, Linkedin\" \/>\n<meta name=\"robots\" content=\"index, follow, max-snippet:-1, max-image-preview:large, max-video-preview:-1\" \/>\n<link rel=\"canonical\" href=\"https:\/\/projectedigital.com\/es\/servicios\/community-management\/\" \/>\n<meta property=\"og:locale\" content=\"es_ES\" \/>\n<meta property=\"og:type\" content=\"article\" \/>\n<meta property=\"og:title\" content=\"COMMUNITY MANAGEMENT\" \/>\n<meta property=\"og:description\" content=\"Gestiona tu comunidad digital con Projecte Digital: servicio de community management por redes sociales como Instagram, Tiktok, Linkedin\" \/>\n<meta property=\"og:url\" content=\"https:\/\/projectedigital.com\/es\/servicios\/community-management\/\" \/>\n<meta property=\"og:site_name\" content=\"Projecte Digital\" \/>\n<meta property=\"article:modified_time\" content=\"2025-12-05T08:28:50+00:00\" \/>\n<meta property=\"og:image\" content=\"https:\/\/projectedigital.com\/wp-content\/uploads\/2025\/11\/Servei-de-community-management-a-Mataro.webp\" \/>\n\t<meta property=\"og:image:width\" content=\"700\" \/>\n\t<meta property=\"og:image:height\" content=\"435\" \/>\n\t<meta property=\"og:image:type\" content=\"image\/jpeg\" \/>\n<meta name=\"twitter:card\" content=\"summary_large_image\" \/>\n<meta name=\"twitter:label1\" content=\"Tiempo de lectura\" \/>\n\t<meta name=\"twitter:data1\" content=\"2 minutos\" \/>\n<script type=\"application\/ld+json\" class=\"yoast-schema-graph\">{\"@context\":\"https:\/\/schema.org\",\"@graph\":[{\"@type\":\"WebPage\",\"@id\":\"https:\/\/projectedigital.com\/es\/servicios\/community-management\/\",\"url\":\"https:\/\/projectedigital.com\/es\/servicios\/community-management\/\",\"name\":\"Servicio de community management - Projecte Digital\",\"isPartOf\":{\"@id\":\"https:\/\/projectedigital.com\/es\/#website\"},\"primaryImageOfPage\":{\"@id\":\"https:\/\/projectedigital.com\/es\/servicios\/community-management\/#primaryimage\"},\"image\":{\"@id\":\"https:\/\/projectedigital.com\/es\/servicios\/community-management\/#primaryimage\"},\"thumbnailUrl\":\"https:\/\/projectedigital.com\/wp-content\/uploads\/2025\/11\/Servei-de-community-management-a-Mataro.webp\",\"datePublished\":\"2024-05-22T08:46:16+00:00\",\"dateModified\":\"2025-12-05T08:28:50+00:00\",\"description\":\"Gestiona tu comunidad digital con Projecte Digital: servicio de community management por redes sociales como Instagram, Tiktok, Linkedin\",\"breadcrumb\":{\"@id\":\"https:\/\/projectedigital.com\/es\/servicios\/community-management\/#breadcrumb\"},\"inLanguage\":\"es\",\"potentialAction\":[{\"@type\":\"ReadAction\",\"target\":[\"https:\/\/projectedigital.com\/es\/servicios\/community-management\/\"]}]},{\"@type\":\"ImageObject\",\"inLanguage\":\"es\",\"@id\":\"https:\/\/projectedigital.com\/es\/servicios\/community-management\/#primaryimage\",\"url\":\"https:\/\/projectedigital.com\/wp-content\/uploads\/2025\/11\/Servei-de-community-management-a-Mataro.webp\",\"contentUrl\":\"https:\/\/projectedigital.com\/wp-content\/uploads\/2025\/11\/Servei-de-community-management-a-Mataro.webp\"},{\"@type\":\"BreadcrumbList\",\"@id\":\"https:\/\/projectedigital.com\/es\/servicios\/community-management\/#breadcrumb\",\"itemListElement\":[{\"@type\":\"ListItem\",\"position\":1,\"name\":\"Inicio\",\"item\":\"https:\/\/projectedigital.com\/es\/\"},{\"@type\":\"ListItem\",\"position\":2,\"name\":\"Servicios\",\"item\":\"https:\/\/projectedigital.com\/es\/serveis\/\"},{\"@type\":\"ListItem\",\"position\":3,\"name\":\"COMMUNITY MANAGEMENT\"}]},{\"@type\":\"WebSite\",\"@id\":\"https:\/\/projectedigital.com\/es\/#website\",\"url\":\"https:\/\/projectedigital.com\/es\/\",\"name\":\"Projecte Digital\",\"description\":\"\",\"publisher\":{\"@id\":\"https:\/\/projectedigital.com\/es\/#organization\"},\"potentialAction\":[{\"@type\":\"SearchAction\",\"target\":{\"@type\":\"EntryPoint\",\"urlTemplate\":\"https:\/\/projectedigital.com\/es\/?s={search_term_string}\"},\"query-input\":{\"@type\":\"PropertyValueSpecification\",\"valueRequired\":true,\"valueName\":\"search_term_string\"}}],\"inLanguage\":\"es\"},{\"@type\":\"Organization\",\"@id\":\"https:\/\/projectedigital.com\/es\/#organization\",\"name\":\"Projecte Digital\",\"url\":\"https:\/\/projectedigital.com\/es\/\",\"logo\":{\"@type\":\"ImageObject\",\"inLanguage\":\"es\",\"@id\":\"https:\/\/projectedigital.com\/es\/#\/schema\/logo\/image\/\",\"url\":\"https:\/\/projectedigital.com\/wp-content\/uploads\/2024\/05\/Logo-Projecte-Digital.webp\",\"contentUrl\":\"https:\/\/projectedigital.com\/wp-content\/uploads\/2024\/05\/Logo-Projecte-Digital.webp\",\"width\":499,\"height\":500,\"caption\":\"Projecte Digital\"},\"image\":{\"@id\":\"https:\/\/projectedigital.com\/es\/#\/schema\/logo\/image\/\"}}]}<\/script>\n<!-- \/ Yoast SEO Premium plugin. -->","yoast_head_json":{"title":"Servicio de community management - Projecte Digital","description":"Gestiona tu comunidad digital con Projecte Digital: servicio de community management por redes sociales como Instagram, Tiktok, Linkedin","robots":{"index":"index","follow":"follow","max-snippet":"max-snippet:-1","max-image-preview":"max-image-preview:large","max-video-preview":"max-video-preview:-1"},"canonical":"https:\/\/projectedigital.com\/es\/servicios\/community-management\/","og_locale":"es_ES","og_type":"article","og_title":"COMMUNITY MANAGEMENT","og_description":"Gestiona tu comunidad digital con Projecte Digital: servicio de community management por redes sociales como Instagram, Tiktok, Linkedin","og_url":"https:\/\/projectedigital.com\/es\/servicios\/community-management\/","og_site_name":"Projecte Digital","article_modified_time":"2025-12-05T08:28:50+00:00","og_image":[{"width":700,"height":435,"url":"https:\/\/projectedigital.com\/wp-content\/uploads\/2025\/11\/Servei-de-community-management-a-Mataro.webp","type":"image\/jpeg"}],"twitter_card":"summary_large_image","twitter_misc":{"Tiempo de lectura":"2 minutos"},"schema":{"@context":"https:\/\/schema.org","@graph":[{"@type":"WebPage","@id":"https:\/\/projectedigital.com\/es\/servicios\/community-management\/","url":"https:\/\/projectedigital.com\/es\/servicios\/community-management\/","name":"Servicio de community management - Projecte Digital","isPartOf":{"@id":"https:\/\/projectedigital.com\/es\/#website"},"primaryImageOfPage":{"@id":"https:\/\/projectedigital.com\/es\/servicios\/community-management\/#primaryimage"},"image":{"@id":"https:\/\/projectedigital.com\/es\/servicios\/community-management\/#primaryimage"},"thumbnailUrl":"https:\/\/projectedigital.com\/wp-content\/uploads\/2025\/11\/Servei-de-community-management-a-Mataro.webp","datePublished":"2024-05-22T08:46:16+00:00","dateModified":"2025-12-05T08:28:50+00:00","description":"Gestiona tu comunidad digital con Projecte Digital: servicio de community management por redes sociales como Instagram, Tiktok, Linkedin","breadcrumb":{"@id":"https:\/\/projectedigital.com\/es\/servicios\/community-management\/#breadcrumb"},"inLanguage":"es","potentialAction":[{"@type":"ReadAction","target":["https:\/\/projectedigital.com\/es\/servicios\/community-management\/"]}]},{"@type":"ImageObject","inLanguage":"es","@id":"https:\/\/projectedigital.com\/es\/servicios\/community-management\/#primaryimage","url":"https:\/\/projectedigital.com\/wp-content\/uploads\/2025\/11\/Servei-de-community-management-a-Mataro.webp","contentUrl":"https:\/\/projectedigital.com\/wp-content\/uploads\/2025\/11\/Servei-de-community-management-a-Mataro.webp"},{"@type":"BreadcrumbList","@id":"https:\/\/projectedigital.com\/es\/servicios\/community-management\/#breadcrumb","itemListElement":[{"@type":"ListItem","position":1,"name":"Inicio","item":"https:\/\/projectedigital.com\/es\/"},{"@type":"ListItem","position":2,"name":"Servicios","item":"https:\/\/projectedigital.com\/es\/serveis\/"},{"@type":"ListItem","position":3,"name":"COMMUNITY MANAGEMENT"}]},{"@type":"WebSite","@id":"https:\/\/projectedigital.com\/es\/#website","url":"https:\/\/projectedigital.com\/es\/","name":"Projecte Digital","description":"","publisher":{"@id":"https:\/\/projectedigital.com\/es\/#organization"},"potentialAction":[{"@type":"SearchAction","target":{"@type":"EntryPoint","urlTemplate":"https:\/\/projectedigital.com\/es\/?s={search_term_string}"},"query-input":{"@type":"PropertyValueSpecification","valueRequired":true,"valueName":"search_term_string"}}],"inLanguage":"es"},{"@type":"Organization","@id":"https:\/\/projectedigital.com\/es\/#organization","name":"Projecte Digital","url":"https:\/\/projectedigital.com\/es\/","logo":{"@type":"ImageObject","inLanguage":"es","@id":"https:\/\/projectedigital.com\/es\/#\/schema\/logo\/image\/","url":"https:\/\/projectedigital.com\/wp-content\/uploads\/2024\/05\/Logo-Projecte-Digital.webp","contentUrl":"https:\/\/projectedigital.com\/wp-content\/uploads\/2024\/05\/Logo-Projecte-Digital.webp","width":499,"height":500,"caption":"Projecte Digital"},"image":{"@id":"https:\/\/projectedigital.com\/es\/#\/schema\/logo\/image\/"}}]}},"_links":{"self":[{"href":"https:\/\/projectedigital.com\/es\/wp-json\/wp\/v2\/pages\/793","targetHints":{"allow":["GET"]}}],"collection":[{"href":"https:\/\/projectedigital.com\/es\/wp-json\/wp\/v2\/pages"}],"about":[{"href":"https:\/\/projectedigital.com\/es\/wp-json\/wp\/v2\/types\/page"}],"author":[{"embeddable":true,"href":"https:\/\/projectedigital.com\/es\/wp-json\/wp\/v2\/users\/1"}],"replies":[{"embeddable":true,"href":"https:\/\/projectedigital.com\/es\/wp-json\/wp\/v2\/comments?post=793"}],"version-history":[{"count":6,"href":"https:\/\/projectedigital.com\/es\/wp-json\/wp\/v2\/pages\/793\/revisions"}],"predecessor-version":[{"id":3325,"href":"https:\/\/projectedigital.com\/es\/wp-json\/wp\/v2\/pages\/793\/revisions\/3325"}],"up":[{"embeddable":true,"href":"https:\/\/projectedigital.com\/es\/wp-json\/wp\/v2\/pages\/789"}],"wp:attachment":[{"href":"https:\/\/projectedigital.com\/es\/wp-json\/wp\/v2\/media?parent=793"}],"curies":[{"name":"wp","href":"https:\/\/api.w.org\/{rel}","templated":true}]}}