{"id":779,"date":"2024-05-21T11:14:34","date_gmt":"2024-05-21T09:14:34","guid":{"rendered":"https:\/\/projectedigital.com\/politica-de-cookies\/"},"modified":"2025-12-05T09:28:43","modified_gmt":"2025-12-05T08:28:43","slug":"politica-de-cookies","status":"publish","type":"page","link":"https:\/\/projectedigital.com\/es\/politica-de-cookies\/","title":{"rendered":"Pol\u00edtica de cookies"},"content":{"rendered":"\t\t<div data-elementor-type=\"wp-page\" data-elementor-id=\"779\" class=\"elementor elementor-779 elementor-75\" data-elementor-post-type=\"page\">\n\t\t\t\t<div class=\"elementor-element elementor-element-ace6507 e-con-full animated-slow e-flex elementor-invisible e-con e-parent\" data-id=\"ace6507\" data-element_type=\"container\" data-settings=\"{&quot;animation&quot;:&quot;fadeIn&quot;}\">\n\t\t\t\t<div class=\"elementor-element elementor-element-b407bbd elementor-widget elementor-widget-heading\" data-id=\"b407bbd\" data-element_type=\"widget\" data-widget_type=\"heading.default\">\n\t\t\t\t<div class=\"elementor-widget-container\">\n\t\t\t\t\t<h1 class=\"elementor-heading-title elementor-size-default\">Pol\u00edtica de cookies<\/h1>\t\t\t\t<\/div>\n\t\t\t\t<\/div>\n\t\t\t\t<\/div>\n\t\t<div class=\"elementor-element elementor-element-6154c8e9 animated-slow e-flex e-con-boxed elementor-invisible e-con e-parent\" data-id=\"6154c8e9\" data-element_type=\"container\" data-settings=\"{&quot;animation&quot;:&quot;fadeIn&quot;}\">\n\t\t\t\t\t<div class=\"e-con-inner\">\n\t\t\t\t<div class=\"elementor-element elementor-element-4827fec elementor-widget elementor-widget-text-editor\" data-id=\"4827fec\" data-element_type=\"widget\" data-widget_type=\"text-editor.default\">\n\t\t\t\t<div class=\"elementor-widget-container\">\n\t\t\t\t\t\t\t\t\t<div class=\"cli_pg_page_contaner\"><h3>Sobre esta pol\u00edtica de cookies<\/h3><div><p>Esta pol\u00edtica de cookies explica qu\u00e9 son las cookies y c\u00f3mo las utilizamos, los tipos de cookies que utilizamos, es decir, la informaci\u00f3n que recopilamos mediante cookies y c\u00f3mo se utiliza esta informaci\u00f3n y c\u00f3mo controlar las preferencias de cookies. Para obtener m\u00e1s informaci\u00f3n sobre c\u00f3mo utilizamos, almacenamos y mantenemos seguros sus datos personales, consulte nuestra Pol\u00edtica de privacidad.<\/p><p>Puede cambiar o retirar su consentimiento en cualquier momento de la Declaraci\u00f3n de cookies de nuestro sitio web<br>Obtenga m\u00e1s informaci\u00f3n sobre qui\u00e9nes somos, c\u00f3mo puede contactar con nosotros y c\u00f3mo procesamos los datos personales en nuestra Pol\u00edtica de privacidad.<br>Su consentimiento se aplica a los siguientes dominios: projectedigital.com<br>[user_consent_state]<\/p><\/div><h3>\u00bfQu\u00e9 son las cookies?<\/h3><div>Las cookies son peque\u00f1os archivos de texto que se utilizan para almacenar peque\u00f1as informaciones. Se almacenan en el dispositivo cuando se carga el sitio web en el navegador. Estas cookies nos ayudan a que el sitio web funcione correctamente, a hacerlo m\u00e1s seguro, a proporcionar una mejor experiencia de usuario ya entender el funcionamiento del sitio web ya analizar qu\u00e9 funciona y d\u00f3nde mejorarlo.<\/div><h3>\u00bfC\u00f3mo utilizamos las cookies?<\/h3><div><p>Como la mayor\u00eda de los servicios online, nuestro sitio web utiliza cookies propias y de terceros para diversos prop\u00f3sitos. Las cookies propias son b\u00e1sicamente necesarias para que el sitio web funcione correctamente y no recopilan ninguno de sus datos de identificaci\u00f3n personal.<\/p><p>Las cookies de terceros que se utilizan en nuestro sitio web sirven principalmente para entender el funcionamiento del sitio web, como interact\u00faa con nuestro sitio web, mantener seguros nuestros servicios, proporcionar anuncios que sean relevantes para usted y, en definitiva, proporcionar un usuario mejor y mejorado. experimentar y ayudar a acelerar sus futuras interacciones con nuestro sitio web.<\/p><\/div><h3>\u00bfQu\u00e9 tipos de cookies utilizamos?<\/h3><div><p>Esencial: algunas cookies son esenciales para que pueda experimentar la funcionalidad completa de nuestro sitio. Nos permiten mantener sesiones de usuarios y prevenir amenazas de seguridad. No recopilan ni almacenan informaci\u00f3n personal alguna. Por ejemplo, estas cookies le permiten iniciar sesi\u00f3n en su cuenta y a\u00f1adir productos a la cesta y hacer la compra de forma segura.<\/p><p>Estad\u00edsticas: estas cookies almacenan informaci\u00f3n como el n\u00famero de visitantes del sitio web, el n\u00famero de visitantes \u00fanicos, qu\u00e9 p\u00e1ginas del sitio web se han visitado, la fuente de la visita, etc. Estos datos nos ayudan a comprender y analizar el rendimiento del sitio web. y d\u00f3nde hay que mejorar.<\/p><p>Marketing: nuestro sitio web muestra anuncios. Estas cookies se utilizan para personalizar los anuncios que le mostramos de modo que sean significativos para usted. Estas cookies tambi\u00e9n nos ayudan a realizar un seguimiento de la eficiencia de estas campa\u00f1as publicitarias.<br>La informaci\u00f3n almacenada en estas cookies tambi\u00e9n la pueden utilizar terceros proveedores de anuncios para mostrarle anuncios en otros sitios web del navegador.<\/p><p>Funcionales: Son las cookies que ayudan a determinadas funcionalidades no esenciales de nuestro sitio web. Estas funcionalidades incluyen incrustar contenido como v\u00eddeos o compartir contenido del sitio web en las plataformas de redes sociales.<\/p><p>Preferencias: estas cookies nos ayudan a almacenar su configuraci\u00f3n y preferencias de navegaci\u00f3n, como las preferencias de idioma, de modo que tenga una experiencia mejor y eficiente en futuras visitas al sitio web.<br>[cookie_audit columns=\u00bbcookie, description\u00bb heading=\u00bbEn la siguiente lista se detallan las cookies utilizadas en nuestro sitio web.\u00bb]<\/p><\/div><h3>\u00bfC\u00f3mo puedo controlar las preferencias de cookies?<\/h3><div><p>Si decide cambiar sus preferencias m\u00e1s adelante a trav\u00e9s de la sesi\u00f3n de navegaci\u00f3n, puede hacer clic en la pesta\u00f1a \u00abPrivacidad y pol\u00edtica de cookies\u00bb de la pantalla. Se mostrar\u00e1 de nuevo el aviso de consentimiento que le permitir\u00e1 cambiar sus preferencias o retirarlo completamente.<\/p><p>Adem\u00e1s, distintos navegadores proporcionan m\u00e9todos diferentes para bloquear y eliminar las cookies que utilizan los sitios web. Puede cambiar la configuraci\u00f3n de su navegador para bloquear \/ eliminar las cookies. Para obtener m\u00e1s informaci\u00f3n sobre c\u00f3mo gestionar y eliminar las cookies, visite wikipedia.org, www.allaboutcookies.org.<\/p><\/div><\/div>\t\t\t\t\t\t\t\t<\/div>\n\t\t\t\t<\/div>\n\t\t\t\t\t<\/div>\n\t\t\t\t<\/div>\n\t\t\t\t<\/div>\n\t\t","protected":false},"excerpt":{"rendered":"<p>Sobre esta pol\u00edtica de cookies Esta pol\u00edtica de cookies explica qu\u00e9 son las cookies y c\u00f3mo las utilizamos, los tipos de cookies que utilizamos, es decir, la informaci\u00f3n que recopilamos mediante cookies y c\u00f3mo se utiliza esta informaci\u00f3n y c\u00f3mo controlar las preferencias de cookies. Para obtener m\u00e1s informaci\u00f3n sobre c\u00f3mo utilizamos, almacenamos y mantenemos [&hellip;]<\/p>\n","protected":false},"author":1,"featured_media":0,"parent":0,"menu_order":0,"comment_status":"closed","ping_status":"closed","template":"elementor_header_footer","meta":{"_acf_changed":false,"_joinchat":[],"footnotes":""},"class_list":["post-779","page","type-page","status-publish","hentry"],"acf":[],"yoast_head":"<!-- This site is optimized with the Yoast SEO Premium plugin v26.3 (Yoast SEO v26.5) - https:\/\/yoast.com\/wordpress\/plugins\/seo\/ -->\n<title>Pol\u00edtica de cookies - Projecte Digital<\/title>\n<meta name=\"robots\" content=\"noindex, follow\" \/>\n<meta property=\"og:locale\" content=\"es_ES\" \/>\n<meta property=\"og:type\" content=\"article\" \/>\n<meta property=\"og:title\" content=\"Pol\u00edtica de cookies\" \/>\n<meta property=\"og:description\" content=\"Sobre esta pol\u00edtica de cookies Esta pol\u00edtica de cookies explica qu\u00e9 son las cookies y c\u00f3mo las utilizamos, los tipos de cookies que utilizamos, es decir, la informaci\u00f3n que recopilamos mediante cookies y c\u00f3mo se utiliza esta informaci\u00f3n y c\u00f3mo controlar las preferencias de cookies. Para obtener m\u00e1s informaci\u00f3n sobre c\u00f3mo utilizamos, almacenamos y mantenemos [&hellip;]\" \/>\n<meta property=\"og:url\" content=\"https:\/\/projectedigital.com\/es\/politica-de-cookies\/\" \/>\n<meta property=\"og:site_name\" content=\"Projecte Digital\" \/>\n<meta property=\"article:modified_time\" content=\"2025-12-05T08:28:43+00:00\" \/>\n<meta name=\"twitter:card\" content=\"summary_large_image\" \/>\n<meta name=\"twitter:label1\" content=\"Tiempo de lectura\" \/>\n\t<meta name=\"twitter:data1\" content=\"4 minutos\" \/>\n<script type=\"application\/ld+json\" class=\"yoast-schema-graph\">{\"@context\":\"https:\/\/schema.org\",\"@graph\":[{\"@type\":\"WebPage\",\"@id\":\"https:\/\/projectedigital.com\/es\/politica-de-cookies\/\",\"url\":\"https:\/\/projectedigital.com\/es\/politica-de-cookies\/\",\"name\":\"Pol\u00edtica de cookies - Projecte Digital\",\"isPartOf\":{\"@id\":\"https:\/\/projectedigital.com\/es\/#website\"},\"datePublished\":\"2024-05-21T09:14:34+00:00\",\"dateModified\":\"2025-12-05T08:28:43+00:00\",\"breadcrumb\":{\"@id\":\"https:\/\/projectedigital.com\/es\/politica-de-cookies\/#breadcrumb\"},\"inLanguage\":\"es\",\"potentialAction\":[{\"@type\":\"ReadAction\",\"target\":[\"https:\/\/projectedigital.com\/es\/politica-de-cookies\/\"]}]},{\"@type\":\"BreadcrumbList\",\"@id\":\"https:\/\/projectedigital.com\/es\/politica-de-cookies\/#breadcrumb\",\"itemListElement\":[{\"@type\":\"ListItem\",\"position\":1,\"name\":\"Inicio\",\"item\":\"https:\/\/projectedigital.com\/es\/\"},{\"@type\":\"ListItem\",\"position\":2,\"name\":\"Pol\u00edtica de cookies\"}]},{\"@type\":\"WebSite\",\"@id\":\"https:\/\/projectedigital.com\/es\/#website\",\"url\":\"https:\/\/projectedigital.com\/es\/\",\"name\":\"Projecte Digital\",\"description\":\"\",\"publisher\":{\"@id\":\"https:\/\/projectedigital.com\/es\/#organization\"},\"potentialAction\":[{\"@type\":\"SearchAction\",\"target\":{\"@type\":\"EntryPoint\",\"urlTemplate\":\"https:\/\/projectedigital.com\/es\/?s={search_term_string}\"},\"query-input\":{\"@type\":\"PropertyValueSpecification\",\"valueRequired\":true,\"valueName\":\"search_term_string\"}}],\"inLanguage\":\"es\"},{\"@type\":\"Organization\",\"@id\":\"https:\/\/projectedigital.com\/es\/#organization\",\"name\":\"Projecte Digital\",\"url\":\"https:\/\/projectedigital.com\/es\/\",\"logo\":{\"@type\":\"ImageObject\",\"inLanguage\":\"es\",\"@id\":\"https:\/\/projectedigital.com\/es\/#\/schema\/logo\/image\/\",\"url\":\"https:\/\/projectedigital.com\/wp-content\/uploads\/2024\/05\/Logo-Projecte-Digital.webp\",\"contentUrl\":\"https:\/\/projectedigital.com\/wp-content\/uploads\/2024\/05\/Logo-Projecte-Digital.webp\",\"width\":499,\"height\":500,\"caption\":\"Projecte Digital\"},\"image\":{\"@id\":\"https:\/\/projectedigital.com\/es\/#\/schema\/logo\/image\/\"}}]}<\/script>\n<!-- \/ Yoast SEO Premium plugin. -->","yoast_head_json":{"title":"Pol\u00edtica de cookies - Projecte Digital","robots":{"index":"noindex","follow":"follow"},"og_locale":"es_ES","og_type":"article","og_title":"Pol\u00edtica de cookies","og_description":"Sobre esta pol\u00edtica de cookies Esta pol\u00edtica de cookies explica qu\u00e9 son las cookies y c\u00f3mo las utilizamos, los tipos de cookies que utilizamos, es decir, la informaci\u00f3n que recopilamos mediante cookies y c\u00f3mo se utiliza esta informaci\u00f3n y c\u00f3mo controlar las preferencias de cookies. Para obtener m\u00e1s informaci\u00f3n sobre c\u00f3mo utilizamos, almacenamos y mantenemos [&hellip;]","og_url":"https:\/\/projectedigital.com\/es\/politica-de-cookies\/","og_site_name":"Projecte Digital","article_modified_time":"2025-12-05T08:28:43+00:00","twitter_card":"summary_large_image","twitter_misc":{"Tiempo de lectura":"4 minutos"},"schema":{"@context":"https:\/\/schema.org","@graph":[{"@type":"WebPage","@id":"https:\/\/projectedigital.com\/es\/politica-de-cookies\/","url":"https:\/\/projectedigital.com\/es\/politica-de-cookies\/","name":"Pol\u00edtica de cookies - Projecte Digital","isPartOf":{"@id":"https:\/\/projectedigital.com\/es\/#website"},"datePublished":"2024-05-21T09:14:34+00:00","dateModified":"2025-12-05T08:28:43+00:00","breadcrumb":{"@id":"https:\/\/projectedigital.com\/es\/politica-de-cookies\/#breadcrumb"},"inLanguage":"es","potentialAction":[{"@type":"ReadAction","target":["https:\/\/projectedigital.com\/es\/politica-de-cookies\/"]}]},{"@type":"BreadcrumbList","@id":"https:\/\/projectedigital.com\/es\/politica-de-cookies\/#breadcrumb","itemListElement":[{"@type":"ListItem","position":1,"name":"Inicio","item":"https:\/\/projectedigital.com\/es\/"},{"@type":"ListItem","position":2,"name":"Pol\u00edtica de cookies"}]},{"@type":"WebSite","@id":"https:\/\/projectedigital.com\/es\/#website","url":"https:\/\/projectedigital.com\/es\/","name":"Projecte Digital","description":"","publisher":{"@id":"https:\/\/projectedigital.com\/es\/#organization"},"potentialAction":[{"@type":"SearchAction","target":{"@type":"EntryPoint","urlTemplate":"https:\/\/projectedigital.com\/es\/?s={search_term_string}"},"query-input":{"@type":"PropertyValueSpecification","valueRequired":true,"valueName":"search_term_string"}}],"inLanguage":"es"},{"@type":"Organization","@id":"https:\/\/projectedigital.com\/es\/#organization","name":"Projecte Digital","url":"https:\/\/projectedigital.com\/es\/","logo":{"@type":"ImageObject","inLanguage":"es","@id":"https:\/\/projectedigital.com\/es\/#\/schema\/logo\/image\/","url":"https:\/\/projectedigital.com\/wp-content\/uploads\/2024\/05\/Logo-Projecte-Digital.webp","contentUrl":"https:\/\/projectedigital.com\/wp-content\/uploads\/2024\/05\/Logo-Projecte-Digital.webp","width":499,"height":500,"caption":"Projecte Digital"},"image":{"@id":"https:\/\/projectedigital.com\/es\/#\/schema\/logo\/image\/"}}]}},"_links":{"self":[{"href":"https:\/\/projectedigital.com\/es\/wp-json\/wp\/v2\/pages\/779","targetHints":{"allow":["GET"]}}],"collection":[{"href":"https:\/\/projectedigital.com\/es\/wp-json\/wp\/v2\/pages"}],"about":[{"href":"https:\/\/projectedigital.com\/es\/wp-json\/wp\/v2\/types\/page"}],"author":[{"embeddable":true,"href":"https:\/\/projectedigital.com\/es\/wp-json\/wp\/v2\/users\/1"}],"replies":[{"embeddable":true,"href":"https:\/\/projectedigital.com\/es\/wp-json\/wp\/v2\/comments?post=779"}],"version-history":[{"count":4,"href":"https:\/\/projectedigital.com\/es\/wp-json\/wp\/v2\/pages\/779\/revisions"}],"predecessor-version":[{"id":3392,"href":"https:\/\/projectedigital.com\/es\/wp-json\/wp\/v2\/pages\/779\/revisions\/3392"}],"wp:attachment":[{"href":"https:\/\/projectedigital.com\/es\/wp-json\/wp\/v2\/media?parent=779"}],"curies":[{"name":"wp","href":"https:\/\/api.w.org\/{rel}","templated":true}]}}